{"id":17016,"date":"2024-04-29T21:13:02","date_gmt":"2024-04-29T21:13:02","guid":{"rendered":"https:\/\/emarabags.com\/?post_type=product&#038;p=17016"},"modified":"2024-04-29T21:52:05","modified_gmt":"2024-04-29T21:52:05","slug":"emara-cizgili-m-copy-5","status":"publish","type":"product","link":"https:\/\/emarabags.com\/tr\/\u00fcr\u00fcn\/emara-cizgili-m-copy-5\/","title":{"rendered":"Emara Z\u0130NC\u0130RL\u0130 \u00c7ANTA XL"},"content":{"rendered":"","protected":false},"excerpt":{"rendered":"","protected":false},"featured_media":16390,"comment_status":"open","ping_status":"closed","template":"","meta":[],"product_brand":[],"product_cat":[105],"product_tag":[],"class_list":{"0":"post-17016","1":"product","2":"type-product","3":"status-publish","4":"has-post-thumbnail","6":"product_cat-sepet-cantalar","8":"first","9":"instock","10":"shipping-taxable","11":"purchasable","12":"product-type-simple"},"_links":{"self":[{"href":"https:\/\/emarabags.com\/tr\/wp-json\/wp\/v2\/product\/17016","targetHints":{"allow":["GET"]}}],"collection":[{"href":"https:\/\/emarabags.com\/tr\/wp-json\/wp\/v2\/product"}],"about":[{"href":"https:\/\/emarabags.com\/tr\/wp-json\/wp\/v2\/types\/product"}],"replies":[{"embeddable":true,"href":"https:\/\/emarabags.com\/tr\/wp-json\/wp\/v2\/comments?post=17016"}],"version-history":[{"count":0,"href":"https:\/\/emarabags.com\/tr\/wp-json\/wp\/v2\/product\/17016\/revisions"}],"wp:featuredmedia":[{"embeddable":true,"href":"https:\/\/emarabags.com\/tr\/wp-json\/wp\/v2\/media\/16390"}],"wp:attachment":[{"href":"https:\/\/emarabags.com\/tr\/wp-json\/wp\/v2\/media?parent=17016"}],"wp:term":[{"taxonomy":"product_brand","embeddable":true,"href":"https:\/\/emarabags.com\/tr\/wp-json\/wp\/v2\/product_brand?post=17016"},{"taxonomy":"product_cat","embeddable":true,"href":"https:\/\/emarabags.com\/tr\/wp-json\/wp\/v2\/product_cat?post=17016"},{"taxonomy":"product_tag","embeddable":true,"href":"https:\/\/emarabags.com\/tr\/wp-json\/wp\/v2\/product_tag?post=17016"}],"curies":[{"name":"wp","href":"https:\/\/api.w.org\/{rel}","templated":true}]}}