{"id":16529,"date":"2021-08-27T11:55:26","date_gmt":"2021-08-27T11:55:26","guid":{"rendered":"https:\/\/emarabags.com\/product\/emara-clutch-karamel\/"},"modified":"2024-04-15T17:29:44","modified_gmt":"2024-04-15T17:29:44","slug":"emara-clutch-karamel","status":"publish","type":"product","link":"https:\/\/emarabags.com\/tr\/\u00fcr\u00fcn\/emara-clutch-karamel\/","title":{"rendered":"Emara Clutch Karamel"},"content":{"rendered":"","protected":false},"excerpt":{"rendered":"<ul>\n<li><strong>Boyutlar:<\/strong> 28x15x7 cm<\/li>\n<li><strong>Malzeme:<\/strong> Deri g\u00f6r\u00fcn\u00fcml\u00fc iplik ile elde \u00f6r\u00fclm\u00fc\u015ft\u00fcr.<\/li>\n<li><strong>Renk:<\/strong> Karamel<\/li>\n<\/ul>\n","protected":false},"featured_media":16422,"comment_status":"closed","ping_status":"closed","template":"","meta":[],"product_brand":[],"product_cat":[106],"product_tag":[],"class_list":{"0":"post-16529","1":"product","2":"type-product","3":"status-publish","4":"has-post-thumbnail","6":"product_cat-el-yapimi-kadin-cantalari","8":"first","9":"instock","10":"shipping-taxable","11":"purchasable","12":"product-type-simple"},"_links":{"self":[{"href":"https:\/\/emarabags.com\/tr\/wp-json\/wp\/v2\/product\/16529","targetHints":{"allow":["GET"]}}],"collection":[{"href":"https:\/\/emarabags.com\/tr\/wp-json\/wp\/v2\/product"}],"about":[{"href":"https:\/\/emarabags.com\/tr\/wp-json\/wp\/v2\/types\/product"}],"replies":[{"embeddable":true,"href":"https:\/\/emarabags.com\/tr\/wp-json\/wp\/v2\/comments?post=16529"}],"version-history":[{"count":0,"href":"https:\/\/emarabags.com\/tr\/wp-json\/wp\/v2\/product\/16529\/revisions"}],"wp:featuredmedia":[{"embeddable":true,"href":"https:\/\/emarabags.com\/tr\/wp-json\/wp\/v2\/media\/16422"}],"wp:attachment":[{"href":"https:\/\/emarabags.com\/tr\/wp-json\/wp\/v2\/media?parent=16529"}],"wp:term":[{"taxonomy":"product_brand","embeddable":true,"href":"https:\/\/emarabags.com\/tr\/wp-json\/wp\/v2\/product_brand?post=16529"},{"taxonomy":"product_cat","embeddable":true,"href":"https:\/\/emarabags.com\/tr\/wp-json\/wp\/v2\/product_cat?post=16529"},{"taxonomy":"product_tag","embeddable":true,"href":"https:\/\/emarabags.com\/tr\/wp-json\/wp\/v2\/product_tag?post=16529"}],"curies":[{"name":"wp","href":"https:\/\/api.w.org\/{rel}","templated":true}]}}