{"id":16525,"date":"2021-08-27T11:48:12","date_gmt":"2021-08-27T11:48:12","guid":{"rendered":"https:\/\/emarabags.com\/product\/emara-kurklu-clutch-buyuk\/"},"modified":"2024-05-27T12:39:22","modified_gmt":"2024-05-27T12:39:22","slug":"emara-kurklu-clutch-buyuk","status":"publish","type":"product","link":"https:\/\/emarabags.com\/tr\/\u00fcr\u00fcn\/emara-kurklu-clutch-buyuk\/","title":{"rendered":"Emara K\u00fcrkl\u00fc Clutch B\u00fcy\u00fck"},"content":{"rendered":"","protected":false},"excerpt":{"rendered":"<ul>\n<li><strong>Boyutlar:<\/strong> 35x19x8 cm<\/li>\n<li><strong>Malzeme:<\/strong> Deri g\u00f6r\u00fcn\u00fcml\u00fc iplik ile elde \u00f6r\u00fclm\u00fc\u015ft\u00fcr.<\/li>\n<li><strong>Renk:<\/strong> Beyaz<\/li>\n<\/ul>\n","protected":false},"featured_media":17743,"comment_status":"closed","ping_status":"closed","template":"","meta":[],"product_brand":[],"product_cat":[105],"product_tag":[],"class_list":{"0":"post-16525","1":"product","2":"type-product","3":"status-publish","4":"has-post-thumbnail","6":"product_cat-sepet-cantalar","8":"first","9":"instock","10":"featured","11":"shipping-taxable","12":"purchasable","13":"product-type-simple"},"_links":{"self":[{"href":"https:\/\/emarabags.com\/tr\/wp-json\/wp\/v2\/product\/16525","targetHints":{"allow":["GET"]}}],"collection":[{"href":"https:\/\/emarabags.com\/tr\/wp-json\/wp\/v2\/product"}],"about":[{"href":"https:\/\/emarabags.com\/tr\/wp-json\/wp\/v2\/types\/product"}],"replies":[{"embeddable":true,"href":"https:\/\/emarabags.com\/tr\/wp-json\/wp\/v2\/comments?post=16525"}],"version-history":[{"count":0,"href":"https:\/\/emarabags.com\/tr\/wp-json\/wp\/v2\/product\/16525\/revisions"}],"wp:featuredmedia":[{"embeddable":true,"href":"https:\/\/emarabags.com\/tr\/wp-json\/wp\/v2\/media\/17743"}],"wp:attachment":[{"href":"https:\/\/emarabags.com\/tr\/wp-json\/wp\/v2\/media?parent=16525"}],"wp:term":[{"taxonomy":"product_brand","embeddable":true,"href":"https:\/\/emarabags.com\/tr\/wp-json\/wp\/v2\/product_brand?post=16525"},{"taxonomy":"product_cat","embeddable":true,"href":"https:\/\/emarabags.com\/tr\/wp-json\/wp\/v2\/product_cat?post=16525"},{"taxonomy":"product_tag","embeddable":true,"href":"https:\/\/emarabags.com\/tr\/wp-json\/wp\/v2\/product_tag?post=16525"}],"curies":[{"name":"wp","href":"https:\/\/api.w.org\/{rel}","templated":true}]}}