{"id":16516,"date":"2021-08-26T16:22:24","date_gmt":"2021-08-26T16:22:24","guid":{"rendered":"https:\/\/emarabags.com\/product\/emara-orgu-canta-parlak\/"},"modified":"2024-04-29T22:06:26","modified_gmt":"2024-04-29T22:06:26","slug":"emara-orgu-canta-parlak","status":"publish","type":"product","link":"https:\/\/emarabags.com\/tr\/\u00fcr\u00fcn\/emara-orgu-canta-parlak\/","title":{"rendered":"Emara \u00d6rg\u00fc Parlak L"},"content":{"rendered":"","protected":false},"excerpt":{"rendered":"<ul>\n<li><strong>Boyutlar:<\/strong> 40x19x10 cm<\/li>\n<li><strong>Malzeme:<\/strong> 60 Pamuk, %20 Viskon, %20 Metalik, kurdele ipli\u011fi ile elde \u00f6r\u00fclm\u00fc\u015ft\u00fcr.<\/li>\n<li><strong>Renk:<\/strong> Bej\/Alt\u0131n P\u0131r\u0131lt\u0131l\u0131<\/li>\n<\/ul>\n","protected":false},"featured_media":18973,"comment_status":"closed","ping_status":"closed","template":"","meta":[],"product_brand":[],"product_cat":[100],"product_tag":[],"class_list":{"0":"post-16516","1":"product","2":"type-product","3":"status-publish","4":"has-post-thumbnail","6":"product_cat-sirt-cantalari","8":"first","9":"instock","10":"shipping-taxable","11":"purchasable","12":"product-type-simple"},"_links":{"self":[{"href":"https:\/\/emarabags.com\/tr\/wp-json\/wp\/v2\/product\/16516","targetHints":{"allow":["GET"]}}],"collection":[{"href":"https:\/\/emarabags.com\/tr\/wp-json\/wp\/v2\/product"}],"about":[{"href":"https:\/\/emarabags.com\/tr\/wp-json\/wp\/v2\/types\/product"}],"replies":[{"embeddable":true,"href":"https:\/\/emarabags.com\/tr\/wp-json\/wp\/v2\/comments?post=16516"}],"version-history":[{"count":0,"href":"https:\/\/emarabags.com\/tr\/wp-json\/wp\/v2\/product\/16516\/revisions"}],"wp:featuredmedia":[{"embeddable":true,"href":"https:\/\/emarabags.com\/tr\/wp-json\/wp\/v2\/media\/18973"}],"wp:attachment":[{"href":"https:\/\/emarabags.com\/tr\/wp-json\/wp\/v2\/media?parent=16516"}],"wp:term":[{"taxonomy":"product_brand","embeddable":true,"href":"https:\/\/emarabags.com\/tr\/wp-json\/wp\/v2\/product_brand?post=16516"},{"taxonomy":"product_cat","embeddable":true,"href":"https:\/\/emarabags.com\/tr\/wp-json\/wp\/v2\/product_cat?post=16516"},{"taxonomy":"product_tag","embeddable":true,"href":"https:\/\/emarabags.com\/tr\/wp-json\/wp\/v2\/product_tag?post=16516"}],"curies":[{"name":"wp","href":"https:\/\/api.w.org\/{rel}","templated":true}]}}