{"id":16800,"date":"2024-02-25T16:52:17","date_gmt":"2024-02-25T16:52:17","guid":{"rendered":"https:\/\/emarabags.com\/gizlilik-politikasi\/"},"modified":"2024-02-25T16:53:50","modified_gmt":"2024-02-25T16:53:50","slug":"gizlilik-politikasi","status":"publish","type":"page","link":"https:\/\/emarabags.com\/tr\/gizlilik-politikasi\/","title":{"rendered":"\u015eartlar ve Ko\u015fullar"},"content":{"rendered":"\t\t<div data-elementor-type=\"wp-page\" data-elementor-id=\"16800\" class=\"elementor elementor-16800 elementor-16795\" data-elementor-post-type=\"page\">\n\t\t\t\t<div class=\"wd-negative-gap elementor-element elementor-element-2d91e26 e-flex e-con-boxed e-con e-parent\" data-id=\"2d91e26\" data-element_type=\"container\" data-e-type=\"container\">\n\t\t\t\t\t<div class=\"e-con-inner\">\n\t\t\t\t<div class=\"elementor-element elementor-element-ad04677 elementor-widget elementor-widget-wd_text_block\" data-id=\"ad04677\" data-element_type=\"widget\" data-e-type=\"widget\" data-widget_type=\"wd_text_block.default\">\n\t\t\t\t<div class=\"elementor-widget-container\">\n\t\t\t\t\t\t\t<div class=\"wd-text-block reset-last-child text-left\">\n\t\t\t\n\t\t\t<ol><li><a href=\"http:\/\/www.emarabags.com\/\" target=\"_new\">www.emarabags.com<\/a> uzant\u0131l\u0131 web sitesindeki herhangi bir bilgiye eri\u015fiminiz veya bu bilgileri kullanman\u0131z, a\u015fa\u011f\u0131daki ko\u015fullar\u0131 kabul etti\u011finiz anlam\u0131na gelir.<\/li><li><a href=\"http:\/\/www.emarabags.com\/\" target=\"_new\">www.emarabags.com<\/a> internet sitesine girilmesi veya sitede yer alan bilgi ve di\u011fer verilerin, programlar\u0131n vs. kullan\u0131lmas\u0131 sebebiyle, Sinem K\u0131nay (\"Emara\"), s\u00f6zle\u015fmenin ihlali, haks\u0131z fiil, ya da ba\u015fkaca sebeplere binaen, do\u011fabilecek do\u011frudan ya da dolayl\u0131 hi\u00e7bir zarardan sorumlu de\u011fildir. Emara, s\u00f6zle\u015fmenin ihlali, haks\u0131z fiil, ihmal veya di\u011fer sebepler neticesinde; i\u015flemin kesintiye u\u011framas\u0131, hata, ihmal, kesinti vb. hususlarda herhangi bir sorumluluk kabul etmez.<\/li><li>Emara, her t\u00fcrl\u00fc hizmet, \u00fcr\u00fcn, site kullan\u0131m ko\u015fullar\u0131 ve sitede sunulan bilgileri \u00f6nceden haber vermeksizin de\u011fi\u015ftirme, siteyi yeniden organize etme veya yay\u0131n\u0131 durdurma hakk\u0131n\u0131 sakl\u0131 tutar. De\u011fi\u015fiklikler sitede yay\u0131nland\u0131\u011f\u0131 anda y\u00fcr\u00fcrl\u00fc\u011fe girer. Sitenin kullan\u0131m\u0131 veya siteye eri\u015fim bu de\u011fi\u015fikliklerin kabul edildi\u011fi anlam\u0131na gelir. Bu ko\u015fullar, siteye ba\u011fl\u0131 di\u011fer web sayfalar\u0131 i\u00e7in de ge\u00e7erlidir.<\/li><li>Emara, s\u00f6zle\u015fmenin ihlali, haks\u0131z fiil, ihmal veya di\u011fer sebepler neticesinde; i\u015flemin kesintiye u\u011framas\u0131, hata, ihmal, kesinti, silinme, kay\u0131p, i\u015flemin veya ileti\u015fimin gecikmesi, bilgisayar vir\u00fcs\u00fc, ileti\u015fim hatas\u0131, h\u0131rs\u0131zl\u0131k, imha veya izinsiz olarak kay\u0131tlara girilmesi, de\u011fi\u015ftirilmesi veya kullan\u0131lmas\u0131 hususunda herhangi bir sorumluluk kabul etmez.<\/li><li><a href=\"http:\/\/www.emarabags.com\/\" target=\"_new\">www.emarabags.com<\/a> web sitesi, Emara'n\u0131n kontrol\u00fc alt\u0131nda olmayan di\u011fer web sitelerine ba\u011flant\u0131lar veya referanslar i\u00e7erebilir. Emara, bu sitelerin i\u00e7eri\u011finden veya i\u00e7erdikleri di\u011fer ba\u011flant\u0131lardan sorumlu de\u011fildir.<\/li><li>Emara, genel g\u00f6r\u00fcn\u00fcm ve tasar\u0131m, t\u00fcm bilgiler, resimler, Emara markas\u0131 ve di\u011fer markalar dahil olmak \u00fczere web sitesindeki t\u00fcm materyallerin sahibidir veya lisans sahibidir,  <a href=\"http:\/\/www.emarabags.com\/\" target=\"_new\">www.emarabags.com<\/a>  alan ad\u0131, logolar, ikonlar, uygulanan sat\u0131\u015f sistemi, i\u015f y\u00f6ntemleri ve i\u015f modelleri ile bunlara ili\u015fkin fikri ve s\u0131nai m\u00fclkiyet haklar\u0131 yasal olarak koruma alt\u0131ndad\u0131r.<\/li><\/ol>\n\t\t\t\t\t<\/div>\n\t\t\t\t\t\t<\/div>\n\t\t\t\t<\/div>\n\t\t\t\t\t<\/div>\n\t\t\t\t<\/div>\n\t\t\t\t<\/div>\n\t\t","protected":false},"excerpt":{"rendered":"<p>www.emarabags.com uzant\u0131l\u0131 web sitesindeki herhangi bir bilgiye eri\u015fiminiz veya bu bilgileri kullanman\u0131z, a\u015fa\u011f\u0131daki ko\u015fullar\u0131 kabul etti\u011finiz anlam\u0131na gelir. www.emarabags.com internet<\/p>\n","protected":false},"author":2,"featured_media":0,"parent":0,"menu_order":0,"comment_status":"closed","ping_status":"closed","template":"","meta":{"footnotes":""},"class_list":["post-16800","page","type-page","status-publish","hentry"],"_links":{"self":[{"href":"https:\/\/emarabags.com\/tr\/wp-json\/wp\/v2\/pages\/16800","targetHints":{"allow":["GET"]}}],"collection":[{"href":"https:\/\/emarabags.com\/tr\/wp-json\/wp\/v2\/pages"}],"about":[{"href":"https:\/\/emarabags.com\/tr\/wp-json\/wp\/v2\/types\/page"}],"author":[{"embeddable":true,"href":"https:\/\/emarabags.com\/tr\/wp-json\/wp\/v2\/users\/2"}],"replies":[{"embeddable":true,"href":"https:\/\/emarabags.com\/tr\/wp-json\/wp\/v2\/comments?post=16800"}],"version-history":[{"count":0,"href":"https:\/\/emarabags.com\/tr\/wp-json\/wp\/v2\/pages\/16800\/revisions"}],"wp:attachment":[{"href":"https:\/\/emarabags.com\/tr\/wp-json\/wp\/v2\/media?parent=16800"}],"curies":[{"name":"wp","href":"https:\/\/api.w.org\/{rel}","templated":true}]}}