{"id":16454,"date":"2021-10-12T16:27:24","date_gmt":"2021-10-12T16:27:24","guid":{"rendered":"https:\/\/emarabags.com\/bize-ulasin\/"},"modified":"2024-02-26T17:56:12","modified_gmt":"2024-02-26T17:56:12","slug":"bize-ulasin","status":"publish","type":"page","link":"https:\/\/emarabags.com\/tr\/bize-ulasin\/","title":{"rendered":"Bize ula\u015f\u0131n"},"content":{"rendered":"\t\t<div data-elementor-type=\"wp-page\" data-elementor-id=\"16454\" class=\"elementor elementor-16454 elementor-4439\" data-elementor-post-type=\"page\">\n\t\t\t\t\t\t<section class=\"wd-negative-gap elementor-section elementor-top-section elementor-element elementor-element-1c9344a2 elementor-section-boxed elementor-section-height-default elementor-section-height-default\" data-id=\"1c9344a2\" data-element_type=\"section\" data-e-type=\"section\">\n\t\t\t\t\t\t<div class=\"elementor-container elementor-column-gap-default\">\n\t\t\t\t\t<div class=\"elementor-column elementor-col-50 elementor-top-column elementor-element elementor-element-a4e7846\" data-id=\"a4e7846\" data-element_type=\"column\" data-e-type=\"column\">\n\t\t\t<div class=\"elementor-widget-wrap elementor-element-populated\">\n\t\t\t\t\t\t<div class=\"elementor-element elementor-element-779d5db5 wd-width-100 elementor-widget elementor-widget-wd_title\" data-id=\"779d5db5\" data-element_type=\"widget\" data-e-type=\"widget\" data-widget_type=\"wd_title.default\">\n\t\t\t\t<div class=\"elementor-widget-container\">\n\t\t\t\t\t\t\t<div class=\"title-wrapper wd-set-mb reset-last-child wd-title-color-default wd-title-style-default wd-title-size-default text-left\">\n\n\t\t\t\t\t\t\t\t\t\t\t<div class=\"title-subtitle subtitle-color-default subtitle-style-default wd-fontsize-xs\">\n\t\t\t\t\tBI\u0307LGI\u0307LENDI\u0307RME SORULARI\t\t\t\t<\/div>\n\t\t\t\n\t\t\t<div class=\"liner-continer\">\n\t\t\t\t<h4 class=\"woodmart-title-container title wd-fontsize-l\">SIK\u00c7A SORULAN SORULAR<\/h4> \n\t\t\t\t\t\t\t<\/div>\n\n\t\t\t\t\t<\/div>\n\t\t\t\t\t\t<\/div>\n\t\t\t\t<\/div>\n\t\t\t\t<div class=\"elementor-element elementor-element-22ca346 elementor-widget elementor-widget-wd_accordion\" data-id=\"22ca346\" data-element_type=\"widget\" data-e-type=\"widget\" data-widget_type=\"wd_accordion.default\">\n\t\t\t\t<div class=\"elementor-widget-container\">\n\t\t\t\t\t\n\t\t<div class=\"wd-accordion wd-style-default wd-titles-left wd-opener-pos-right wd-opener-style-arrow\" data-state=\"first\">\n\t\t\t\t\t\t\t\n\t\t\t\t<div class=\"wd-accordion-item\">\n\t\t\t\t\t<div class=\"wd-accordion-title wd-role-btn wd-active\" data-accordion-index=\"0\" tabindex=\"0\">\n\t\t\t\t\t\t<div class=\"wd-accordion-title-text\">\n\t\t\t\t\t\t\t\t\t\t\t\t\t\t<span>\n\t\t\t\t\t\t\t\tResimde g\u00f6rd\u00fc\u011f\u00fcm \u00fcr\u00fcn\u00fcn ayn\u0131s\u0131n\u0131 m\u0131 alaca\u011f\u0131m?\t\t\t\t\t\t\t<\/span>\n\t\t\t\t\t\t<\/div>\n\t\t\t\t\t\t<span class=\"wd-accordion-opener\"><\/span>\n\t\t\t\t\t<\/div>\n\n\t\t\t\t\t<div class=\"wd-accordion-content wd-entry-content wd-active\" data-accordion-index=\"0\">\n\t\t\t\t\t\t\t\t\t\t\t\t\t\n\t\t\t\t\t\t\t\n          <p>Evet, web sitemizde g\u00f6r\u00fcnt\u00fclenen resimlerle yak\u0131ndan e\u015fle\u015fen bir \u00fcr\u00fcn alacaks\u0131n\u0131z. El yap\u0131m\u0131 \u00e7antalar\u0131m\u0131z detaylara titizlikle \u00f6zen g\u00f6sterilerek haz\u0131rlanm\u0131\u015ft\u0131r. Bununla birlikte, el yap\u0131m\u0131 \u00fcr\u00fcnlerin benzersiz do\u011fas\u0131 nedeniyle, renk, doku ve boyutta k\u00fc\u00e7\u00fck farkl\u0131l\u0131klar meydana gelebilir. Bu varyasyonlar, her bir par\u00e7an\u0131n benzersiz cazibesini ve karakterini vurgulayarak sat\u0131n ald\u0131\u011f\u0131n\u0131z \u00fcr\u00fcn\u00fc ger\u00e7ekten t\u00fcr\u00fcn\u00fcn tek \u00f6rne\u011fi haline getirir.<\/p>\n        \n\t\t\t\t\t\t\t\t\t\t\t\t\t\t\t\t\t\t<\/div>\n\t\t\t\t<\/div>\n\t\t\t\t\t\t\t\n\t\t\t\t<div class=\"wd-accordion-item\">\n\t\t\t\t\t<div class=\"wd-accordion-title wd-role-btn\" data-accordion-index=\"1\" tabindex=\"0\">\n\t\t\t\t\t\t<div class=\"wd-accordion-title-text\">\n\t\t\t\t\t\t\t\t\t\t\t\t\t\t<span>\n\t\t\t\t\t\t\t\tSat\u0131\u015f makbuzumu nerede g\u00f6r\u00fcnt\u00fcleyebilirim?\t\t\t\t\t\t\t<\/span>\n\t\t\t\t\t\t<\/div>\n\t\t\t\t\t\t<span class=\"wd-accordion-opener\"><\/span>\n\t\t\t\t\t<\/div>\n\n\t\t\t\t\t<div class=\"wd-accordion-content wd-entry-content\" data-accordion-index=\"1\">\n\t\t\t\t\t\t\t\t\t\t\t\t\t\n\t\t\t\t\t\t\t\n          <p>Sat\u0131n alma i\u015fleminizi tamamlad\u0131ktan sonra, \u00f6deme s\u0131ras\u0131nda verdi\u011finiz e-posta adresine ayr\u0131nt\u0131l\u0131 bir sat\u0131\u015f makbuzu g\u00f6nderece\u011fiz. Sat\u0131\u015f makbuzunuzu web sitemizdeki hesab\u0131n\u0131zdan da g\u00f6r\u00fcnt\u00fcleyebilir ve indirebilirsiniz. Hesab\u0131n\u0131zda oturum a\u00e7man\u0131z, \"Sipari\u015fler\" b\u00f6l\u00fcm\u00fcne gitmeniz ve makbuzunu g\u00f6r\u00fcnt\u00fclemek i\u00e7in ilgili sipari\u015fi se\u00e7meniz yeterlidir. Makbuzunuza eri\u015firken herhangi bir sorunla kar\u015f\u0131la\u015f\u0131rsan\u0131z, l\u00fctfen yard\u0131m i\u00e7in m\u00fc\u015fteri hizmetleri ekibimizle ileti\u015fime ge\u00e7in.<\/p>\n        \n\t\t\t\t\t\t\t\t\t\t\t\t\t\t\t\t\t\t<\/div>\n\t\t\t\t<\/div>\n\t\t\t\t\t\t\t\n\t\t\t\t<div class=\"wd-accordion-item\">\n\t\t\t\t\t<div class=\"wd-accordion-title wd-role-btn\" data-accordion-index=\"2\" tabindex=\"0\">\n\t\t\t\t\t\t<div class=\"wd-accordion-title-text\">\n\t\t\t\t\t\t\t\t\t\t\t\t\t\t<span>\n\t\t\t\t\t\t\t\tBir \u00fcr\u00fcn\u00fc nas\u0131l iade edebilirim?\t\t\t\t\t\t\t<\/span>\n\t\t\t\t\t\t<\/div>\n\t\t\t\t\t\t<span class=\"wd-accordion-opener\"><\/span>\n\t\t\t\t\t<\/div>\n\n\t\t\t\t\t<div class=\"wd-accordion-content wd-entry-content\" data-accordion-index=\"2\">\n\t\t\t\t\t\t\t\t\t\t\t\t\t\n\t\t\t\t\t\t\t\n          <p>Sat\u0131n alma i\u015fleminizden tamamen memnun kalman\u0131z\u0131 sa\u011flamak i\u00e7in \u00e7al\u0131\u015f\u0131yoruz. Bir \u00fcr\u00fcn\u00fc iade etmek isterseniz, l\u00fctfen sipari\u015finizi ald\u0131ktan sonraki 14 g\u00fcn i\u00e7inde iade s\u00fcrecini ba\u015flat\u0131n. \u0130ade i\u015flemini ba\u015flatmak i\u00e7in l\u00fctfen sipari\u015f numaran\u0131z ve iade nedeninizle birlikte m\u00fc\u015fteri hizmetleri ekibimizle ileti\u015fime ge\u00e7in. \u00dcr\u00fcn\u00fc bize nas\u0131l geri g\u00f6nderece\u011finiz konusunda size ayr\u0131nt\u0131l\u0131 talimatlar verece\u011fiz. L\u00fctfen \u00fcr\u00fcn\u00fcn orijinal durumunda ve ambalaj\u0131nda olmas\u0131 gerekti\u011fini unutmay\u0131n. Para iadeleri, iade edilen \u00fcr\u00fcn\u00fcn teslim al\u0131nmas\u0131 ve incelenmesi \u00fczerine i\u015fleme al\u0131nacakt\u0131r. \u0130ade politikam\u0131z hakk\u0131nda daha fazla bilgi i\u00e7in l\u00fctfen web sitemizi ziyaret edin.<\/p>\n        \n\t\t\t\t\t\t\t\t\t\t\t\t\t\t\t\t\t\t<\/div>\n\t\t\t\t<\/div>\n\t\t\t\t\t\t\t\n\t\t\t\t<div class=\"wd-accordion-item\">\n\t\t\t\t\t<div class=\"wd-accordion-title wd-role-btn\" data-accordion-index=\"3\" tabindex=\"0\">\n\t\t\t\t\t\t<div class=\"wd-accordion-title-text\">\n\t\t\t\t\t\t\t\t\t\t\t\t\t\t<span>\n\t\t\t\t\t\t\t\t&quot;Stokta yok&quot; olarak belirtilen \u00fcr\u00fcnleri yeniden stoklayacak m\u0131s\u0131n\u0131z?\t\t\t\t\t\t\t<\/span>\n\t\t\t\t\t\t<\/div>\n\t\t\t\t\t\t<span class=\"wd-accordion-opener\"><\/span>\n\t\t\t\t\t<\/div>\n\n\t\t\t\t\t<div class=\"wd-accordion-content wd-entry-content\" data-accordion-index=\"3\">\n\t\t\t\t\t\t\t\t\t\t\t\t\t\n\t\t\t\t\t\t\t\n          <p>El yap\u0131m\u0131 \u00e7antalar\u0131m\u0131z, benzersizli\u011fini ve kalitesini korumak i\u00e7in s\u0131n\u0131rl\u0131 say\u0131da \u00fcretilmektedir. Bir \u00fcr\u00fcn \"stokta yok\" olarak i\u015faretlenmi\u015fse, s\u0131k s\u0131k tekrar kontrol etmenizi \u00f6neririz, \u00e7\u00fcnk\u00fc zaman zaman pop\u00fcler \u00fcr\u00fcnleri stok durumuna ve talebe g\u00f6re yeniden stoklar\u0131z. Ayr\u0131ca b\u00fcltenimize kaydolabilir veya belirli bir \u00fcr\u00fcnle ilgilendi\u011finizi belirtmek i\u00e7in m\u00fc\u015fteri hizmetlerimizle ileti\u015fime ge\u00e7ebilirsiniz. Talebinizi kar\u015f\u0131lamak i\u00e7in elimizden geleni yapaca\u011f\u0131z ve \u00fcr\u00fcn tekrar kullan\u0131labilir hale gelirse sizi bilgilendirece\u011fiz.<\/p>\n        \n\t\t\t\t\t\t\t\t\t\t\t\t\t\t\t\t\t\t<\/div>\n\t\t\t\t<\/div>\n\t\t\t\t\t\t\t\n\t\t\t\t<div class=\"wd-accordion-item\">\n\t\t\t\t\t<div class=\"wd-accordion-title wd-role-btn\" data-accordion-index=\"4\" tabindex=\"0\">\n\t\t\t\t\t\t<div class=\"wd-accordion-title-text\">\n\t\t\t\t\t\t\t\t\t\t\t\t\t\t<span>\n\t\t\t\t\t\t\t\tSipari\u015fimi nereye g\u00f6nderebilirim?\t\t\t\t\t\t\t<\/span>\n\t\t\t\t\t\t<\/div>\n\t\t\t\t\t\t<span class=\"wd-accordion-opener\"><\/span>\n\t\t\t\t\t<\/div>\n\n\t\t\t\t\t<div class=\"wd-accordion-content wd-entry-content\" data-accordion-index=\"4\">\n\t\t\t\t\t\t\t\t\t\t\t\t\t\n\t\t\t\t\t\t\t<p>EMARA T\u00fcrkiye \u00e7ap\u0131nda g\u00f6nderim yapmaktad\u0131r, b\u00f6ylece nerede olursan\u0131z olun el yap\u0131m\u0131 \u00e7antalar\u0131m\u0131z\u0131n tad\u0131n\u0131 \u00e7\u0131karabilirsiniz. Kargo \u00fccretleri ve teslimat s\u00fcreleri, var\u0131\u015f adresine ve \u00f6deme s\u0131ras\u0131nda se\u00e7ilen kargo y\u00f6ntemine ba\u011fl\u0131 olarak de\u011fi\u015fir. G\u00f6nderim se\u00e7enekleri, maliyetler ve tahmini teslimat s\u00fcreleri hakk\u0131nda daha ayr\u0131nt\u0131l\u0131 bilgi i\u00e7in l\u00fctfen web sitemizdeki g\u00f6nderim bilgileri b\u00f6l\u00fcm\u00fcn\u00fc ziyaret edin. \u00d6zel nakliye sorular\u0131n\u0131z varsa veya uluslararas\u0131 bir sipari\u015f vermek i\u00e7in yard\u0131ma ihtiyac\u0131n\u0131z varsa, m\u00fc\u015fteri hizmetleri ekibimiz size yard\u0131mc\u0131 olmak i\u00e7in burada.<\/p>\n\t\t\t\t\t\t\t\t\t\t\t\t\t\t\t\t\t\t<\/div>\n\t\t\t\t<\/div>\n\t\t\t\t\t<\/div>\n\t\t\t\t\t\t<\/div>\n\t\t\t\t<\/div>\n\t\t\t\t\t<\/div>\n\t\t<\/div>\n\t\t\t\t<div class=\"elementor-column elementor-col-50 elementor-top-column elementor-element elementor-element-41bec3dc\" data-id=\"41bec3dc\" data-element_type=\"column\" data-e-type=\"column\">\n\t\t\t<div class=\"elementor-widget-wrap elementor-element-populated\">\n\t\t\t\t\t\t<div class=\"elementor-element elementor-element-88ca337 wd-width-100 elementor-widget elementor-widget-wd_title\" data-id=\"88ca337\" data-element_type=\"widget\" data-e-type=\"widget\" data-widget_type=\"wd_title.default\">\n\t\t\t\t<div class=\"elementor-widget-container\">\n\t\t\t\t\t\t\t<div class=\"title-wrapper wd-set-mb reset-last-child wd-title-color-default wd-title-style-default wd-title-size-default text-left\">\n\n\t\t\t\n\t\t\t<div class=\"liner-continer\">\n\t\t\t\t<h4 class=\"woodmart-title-container title wd-fontsize-l\">SORULARINIZ I\u00c7IN BIZIMLE ILETI\u015eIME GE\u00c7IN<\/h4> \n\t\t\t\t\t\t\t<\/div>\n\n\t\t\t\t\t<\/div>\n\t\t\t\t\t\t<\/div>\n\t\t\t\t<\/div>\n\t\t\t\t<div class=\"elementor-element elementor-element-5ce0072f wd-cf7 elementor-widget elementor-widget-wd_contact_form_7\" data-id=\"5ce0072f\" data-element_type=\"widget\" data-e-type=\"widget\" data-widget_type=\"wd_contact_form_7.default\">\n\t\t\t\t<div class=\"elementor-widget-container\">\n\t\t\t\t\t\n<div class=\"wpcf7 no-js\" id=\"wpcf7-f16530-o1\" lang=\"tr-TR\" dir=\"ltr\" data-wpcf7-id=\"16530\">\n<div class=\"screen-reader-response\"><p role=\"status\" aria-live=\"polite\" aria-atomic=\"true\"><\/p> <ul><\/ul><\/div>\n<form action=\"\/tr\/wp-json\/wp\/v2\/pages\/16454#wpcf7-f16530-o1\" method=\"post\" class=\"wpcf7-form init\" aria-label=\"\u0130leti\u015fim Formu\" novalidate=\"novalidate\" data-status=\"init\">\n<fieldset class=\"hidden-fields-container\"><input type=\"hidden\" name=\"_wpcf7\" value=\"16530\" \/><input type=\"hidden\" name=\"_wpcf7_version\" value=\"6.1.5\" \/><input type=\"hidden\" name=\"_wpcf7_locale\" value=\"tr_TR\" \/><input type=\"hidden\" name=\"_wpcf7_unit_tag\" value=\"wpcf7-f16530-o1\" \/><input type=\"hidden\" name=\"_wpcf7_container_post\" value=\"0\" \/><input type=\"hidden\" name=\"_wpcf7_posted_data_hash\" value=\"\" \/>\n<\/fieldset>\n<p><label> Sizin ad\u0131n\u0131z<br \/>\n<span class=\"wpcf7-form-control-wrap\" data-name=\"your-name\"><input size=\"40\" maxlength=\"400\" class=\"wpcf7-form-control wpcf7-text wpcf7-validates-as-required\" autocomplete=\"name\" aria-required=\"true\" aria-invalid=\"false\" value=\"\" type=\"text\" name=\"your-name\" \/><\/span> <\/label>\n<\/p>\n<p><label> E-posta adresiniz<br \/>\n<span class=\"wpcf7-form-control-wrap\" data-name=\"your-email\"><input size=\"40\" maxlength=\"400\" class=\"wpcf7-form-control wpcf7-email wpcf7-validates-as-required wpcf7-text wpcf7-validates-as-email\" autocomplete=\"email\" aria-required=\"true\" aria-invalid=\"false\" value=\"\" type=\"email\" name=\"your-email\" \/><\/span> <\/label>\n<\/p>\n<p><label> Konu<br \/>\n<span class=\"wpcf7-form-control-wrap\" data-name=\"your-subject\"><input size=\"40\" maxlength=\"400\" class=\"wpcf7-form-control wpcf7-text wpcf7-validates-as-required\" aria-required=\"true\" aria-invalid=\"false\" value=\"\" type=\"text\" name=\"your-subject\" \/><\/span> <\/label>\n<\/p>\n<p><label> Mesaj\u0131n\u0131z (iste\u011fe ba\u011fl\u0131)<br \/>\n<span class=\"wpcf7-form-control-wrap\" data-name=\"your-message\"><textarea cols=\"40\" rows=\"10\" maxlength=\"2000\" class=\"wpcf7-form-control wpcf7-textarea\" aria-invalid=\"false\" name=\"your-message\"><\/textarea><\/span> <\/label>\n<\/p>\n<p><input class=\"wpcf7-form-control wpcf7-submit has-spinner\" type=\"submit\" value=\"Submit\" \/>\n<\/p><div class=\"wpcf7-response-output\" aria-hidden=\"true\"><\/div>\n<\/form>\n<\/div>\n\t\t\t\t<\/div>\n\t\t\t\t<\/div>\n\t\t\t\t\t<\/div>\n\t\t<\/div>\n\t\t\t\t\t<\/div>\n\t\t<\/section>\n\t\t\t\t<\/div>\n\t\t","protected":false},"excerpt":{"rendered":"<p>BI\u0307LGI\u0307LENDI\u0307RME SORULARI SIK\u00c7A SORULAN SORULAR Resimde g\u00f6rd\u00fc\u011f\u00fcm \u00fcr\u00fcn\u00fcn ayn\u0131s\u0131n\u0131 m\u0131 alaca\u011f\u0131m? Evet, web sitemizde g\u00f6r\u00fcnt\u00fclenen resimlerle yak\u0131ndan e\u015fle\u015fen bir \u00fcr\u00fcn<\/p>\n","protected":false},"author":2,"featured_media":0,"parent":0,"menu_order":0,"comment_status":"closed","ping_status":"closed","template":"elementor_header_footer","meta":{"footnotes":""},"class_list":["post-16454","page","type-page","status-publish","hentry"],"_links":{"self":[{"href":"https:\/\/emarabags.com\/tr\/wp-json\/wp\/v2\/pages\/16454","targetHints":{"allow":["GET"]}}],"collection":[{"href":"https:\/\/emarabags.com\/tr\/wp-json\/wp\/v2\/pages"}],"about":[{"href":"https:\/\/emarabags.com\/tr\/wp-json\/wp\/v2\/types\/page"}],"author":[{"embeddable":true,"href":"https:\/\/emarabags.com\/tr\/wp-json\/wp\/v2\/users\/2"}],"replies":[{"embeddable":true,"href":"https:\/\/emarabags.com\/tr\/wp-json\/wp\/v2\/comments?post=16454"}],"version-history":[{"count":0,"href":"https:\/\/emarabags.com\/tr\/wp-json\/wp\/v2\/pages\/16454\/revisions"}],"wp:attachment":[{"href":"https:\/\/emarabags.com\/tr\/wp-json\/wp\/v2\/media?parent=16454"}],"curies":[{"name":"wp","href":"https:\/\/api.w.org\/{rel}","templated":true}]}}